{"id":7410,"date":"2015-07-31T08:01:04","date_gmt":"2015-07-31T08:01:04","guid":{"rendered":"https:\/\/digi.nasatheme.com\/?page_id=7410"},"modified":"2024-09-26T07:58:43","modified_gmt":"2024-09-26T07:58:43","slug":"fale-conosco","status":"publish","type":"page","link":"https:\/\/loja.mgatecnologia.com.br\/?page_id=7410","title":{"rendered":"Fale Conosco"},"content":{"rendered":"<p><!-- bg_image_repeat=\"repeat\"\nbg_image_size=\"cover\"\nbg_img_attach=\"scroll\"\nparallax_sense=\"30\"\nanimation_direction=\"left-animation\"\nanimation_repeat=\"repeat\"\nparallax_content_sense=\"30\"\nfadeout_start_effect=\"30\"\noverlay_pattern_opacity=\"80\" --><\/p>\n<div class=\"wrap_cont bg_grad\">\n<div class=\"div_5\">\n<div class=\"gmaps margin-top-30 margin-bottom-30\">\n            <iframe src=\"https:\/\/www.google.com\/maps\/embed?pb=!1m18!1m12!1m3!1d6134.798307697509!2d-45.940574843265466!3d-22.262158427568146!2m3!1f0!2f0!3f0!3m2!1i1024!2i768!4f13.1!3m3!1m2!1s0x94cbc7191cfca263%3A0xacfc0b3339ad6a75!2sMGA%20TECNOLOGIA%20-%20DISTRIBUIDOR%20FESTO!5e1!3m2!1spt-BR!2sbr!4v1727190586050!5m2!1spt-BR!2sbr\" width=\"600\" height=\"450\" style=\"border:0;\" allowfullscreen=\"\" loading=\"lazy\" referrerpolicy=\"no-referrer-when-downgrade\"><\/iframe>\n        <\/div>\n<\/p><\/div>\n<div class=\"div_7 padding-side-mobile-0\" style=\"padding-left: 20px\">\n<div class=\"wrap_cont margin-bottom-30\">\n<div class=\"div_6\">\n<h5 class=\"nasa-title-heading\" style=\"font-weight: 500;\">ENDERE\u00c7O<\/h5>\n<p>\n                Avenida Vereador Celso Goulart Vilela, 360, CEP: 37558-718 \u2013 Pouso Alegre \u2013 MG\n            <\/div>\n<div class=\"div_6\">\n<h5 class=\"nasa-title-heading\" style=\"font-weight: 500;\">CONTATO<\/h5>\n<p><\/p>\n<div class=\"wrap_cont gap_10\">\n<div class=\"div_12\">\n                        <a href=\"tel:3534492060\"><i class=\"fa fa-phone\" aria-hidden=\"true\"><\/i> TEL: (35) 3449-2060<\/a>\n                    <\/div>\n<div class=\"div_12\">\n                        <a href=\"https:\/\/api.whatsapp.com\/send?phone=5535988565011\"><i class=\"fa fa-whatsapp\" aria-hidden=\"true\"><\/i> 35 98856-5016<\/a>\n                    <\/div>\n<div class=\"div_12\">\n                        <a href=\"mailto:vendas@mgatecnologia.com.br\"><i class=\"fa fa-envelope\" aria-hidden=\"true\"><\/i> vendas@mgatecnologia.com.br<\/a>\n                    <\/div>\n<\/p><\/div>\n<\/p><\/div>\n<\/p><\/div>\n<div class=\"div_12\">\n<h5 class=\"nasa-title-heading\" style=\"font-weight: 500;\">DEIXE-NOS UMA MENSAGEM<\/h5>\n<p>Se voc\u00ea tiver alguma d\u00favida, por favor, sinta-se \u00e0 vontade para entrar em contato conosco. N\u00f3s responderemos o mais breve poss\u00edvel. Obrigado!<\/p>\n<div class=\"margin-top-20 margin-bottom-30\">\n                <div role=\"form\" class=\"wpcf7\" id=\"wpcf7-f13567-o1\" lang=\"en-US\" dir=\"ltr\">\n<div class=\"screen-reader-response\"><p role=\"status\" aria-live=\"polite\" aria-atomic=\"true\"><\/p> <ul><\/ul><\/div>\n<form action=\"\/index.php?rest_route=%2Fwp%2Fv2%2Fpages%2F7410#wpcf7-f13567-o1\" method=\"post\" class=\"wpcf7-form init\" novalidate=\"novalidate\" data-status=\"init\">\n<div style=\"display: none;\">\n<input type=\"hidden\" name=\"_wpcf7\" value=\"13567\" \/>\n<input type=\"hidden\" name=\"_wpcf7_version\" value=\"5.4\" \/>\n<input type=\"hidden\" name=\"_wpcf7_locale\" value=\"en_US\" \/>\n<input type=\"hidden\" name=\"_wpcf7_unit_tag\" value=\"wpcf7-f13567-o1\" \/>\n<input type=\"hidden\" name=\"_wpcf7_container_post\" value=\"0\" \/>\n<input type=\"hidden\" name=\"_wpcf7_posted_data_hash\" value=\"\" \/>\n<input type=\"hidden\" name=\"_wpcf7_recaptcha_response\" value=\"\" \/>\n<\/div>\n<div class=\"contact-form-footer\">\n<div class=\"row\">\n<div class=\"lt-col large-6 columns\">\n       <span class=\"wpcf7-form-control-wrap digi-name\"><input type=\"text\" name=\"digi-name\" value=\"\" size=\"40\" class=\"wpcf7-form-control wpcf7-text wpcf7-validates-as-required\" aria-required=\"true\" aria-invalid=\"false\" placeholder=\"Nome\" \/><\/span> <\/label>\n    <\/div>\n<div class=\"lt-col large-6 columns\">\n          <span class=\"wpcf7-form-control-wrap digi-email\"><input type=\"email\" name=\"digi-email\" value=\"\" size=\"40\" class=\"wpcf7-form-control wpcf7-text wpcf7-email wpcf7-validates-as-required wpcf7-validates-as-email\" aria-required=\"true\" aria-invalid=\"false\" placeholder=\"E-mail\" \/><\/span> <\/label>\n    <\/div>\n<\/div>\n<div class=\"row\">\n<div class=\"large-12 columns\">\n         <span class=\"wpcf7-form-control-wrap digi-message\"><textarea name=\"digi-message\" cols=\"100\" rows=\"10\" class=\"wpcf7-form-control wpcf7-textarea\" aria-invalid=\"false\" placeholder=\"Sua mensagem\"><\/textarea><\/span>\n    <\/div>\n<\/div>\n<div class=\"row\">\n<div class=\"large-12 columns\">\n<span class=\"wpcf7-form-control-wrap recaptcha\" data-name=\"recaptcha\"><span data-sitekey=\"6LdJImEqAAAAAK56fByAo0IXbDfemgASMFUONmHa\" class=\"wpcf7-form-control g-recaptcha wpcf7-recaptcha\"><\/span>\n<noscript>\n\t<div class=\"grecaptcha-noscript\">\n\t\t<iframe loading=\"lazy\" src=\"https:\/\/www.google.com\/recaptcha\/api\/fallback?k=6LdJImEqAAAAAK56fByAo0IXbDfemgASMFUONmHa\" frameborder=\"0\" scrolling=\"no\" width=\"310\" height=\"430\">\n\t\t<\/iframe>\n\t\t<textarea name=\"g-recaptcha-response\" rows=\"3\" cols=\"40\" placeholder=\"reCaptcha Response Here\">\n\t\t<\/textarea>\n\t<\/div>\n<\/noscript>\n<\/span>\n<\/div>\n<\/div>\n<div class=\"row\">\n<div class=\"large-12 columns\">\n        <input type=\"submit\" value=\"Enviar\" class=\"wpcf7-form-control wpcf7-submit\" \/>\n    <\/div>\n<\/div>\n<\/div>\n<div class=\"wpcf7-response-output\" aria-hidden=\"true\"><\/div><\/form><\/div>\n            <\/div>\n<\/p><\/div>\n<\/p><\/div>\n<\/div>\n","protected":false},"excerpt":{"rendered":"<p>ENDERE\u00c7O Avenida Vereador Celso Goulart Vilela, 360, CEP: 37558-718 \u2013 Pouso Alegre \u2013 MG CONTATO TEL: (35) 3449-2060 35 98856-5016 vendas@mgatecnologia.com.br DEIXE-NOS UMA MENSAGEM Se voc\u00ea tiver alguma d\u00favida, por favor, sinta-se \u00e0 vontade para entrar em contato conosco. N\u00f3s responderemos o mais breve poss\u00edvel. Obrigado!<\/p>\n","protected":false},"author":1,"featured_media":0,"parent":0,"menu_order":0,"comment_status":"open","ping_status":"open","template":"page-visual-composer.php","meta":{"footnotes":""},"class_list":["post-7410","page","type-page","status-publish","hentry"],"_links":{"self":[{"href":"https:\/\/loja.mgatecnologia.com.br\/index.php?rest_route=\/wp\/v2\/pages\/7410","targetHints":{"allow":["GET"]}}],"collection":[{"href":"https:\/\/loja.mgatecnologia.com.br\/index.php?rest_route=\/wp\/v2\/pages"}],"about":[{"href":"https:\/\/loja.mgatecnologia.com.br\/index.php?rest_route=\/wp\/v2\/types\/page"}],"author":[{"embeddable":true,"href":"https:\/\/loja.mgatecnologia.com.br\/index.php?rest_route=\/wp\/v2\/users\/1"}],"replies":[{"embeddable":true,"href":"https:\/\/loja.mgatecnologia.com.br\/index.php?rest_route=%2Fwp%2Fv2%2Fcomments&post=7410"}],"version-history":[{"count":15,"href":"https:\/\/loja.mgatecnologia.com.br\/index.php?rest_route=\/wp\/v2\/pages\/7410\/revisions"}],"predecessor-version":[{"id":15466,"href":"https:\/\/loja.mgatecnologia.com.br\/index.php?rest_route=\/wp\/v2\/pages\/7410\/revisions\/15466"}],"wp:attachment":[{"href":"https:\/\/loja.mgatecnologia.com.br\/index.php?rest_route=%2Fwp%2Fv2%2Fmedia&parent=7410"}],"curies":[{"name":"wp","href":"https:\/\/api.w.org\/{rel}","templated":true}]}}