{"id":14563,"date":"2021-01-26T17:32:27","date_gmt":"2021-01-26T17:32:27","guid":{"rendered":"http:\/\/mgatecnologia.com.br\/loja\/?post_type=product&#038;p=14563"},"modified":"2025-07-22T14:37:04","modified_gmt":"2025-07-22T14:37:04","slug":"qs-12h-8","status":"publish","type":"product","link":"https:\/\/loja.mgatecnologia.com.br\/?product=qs-12h-8","title":{"rendered":"QS-12H-8"},"content":{"rendered":"<h4><strong>Uni\u00e3o Redu\u00e7\u00e3o 12mm x 8mm<\/strong><\/h4>\n<h4>FESTO<\/h4>\n<p>&nbsp;<\/p>\n","protected":false},"excerpt":{"rendered":"<h4><strong>Uni\u00e3o Redu\u00e7\u00e3o 12mm x 8mm<\/strong><\/h4>\n<h4><strong>FESTO<\/strong><\/h4>\n<p>&nbsp;<\/p>\n","protected":false},"featured_media":14849,"comment_status":"open","ping_status":"closed","template":"","meta":[],"product_cat":[636,638,742,637],"product_tag":[],"class_list":{"0":"post-14563","1":"product","2":"type-product","3":"status-publish","4":"has-post-thumbnail","6":"product_cat-conexoes","7":"product_cat-instantaneas","8":"product_cat-linha-festo","9":"product_cat-pneumatica","11":"first","12":"onbackorder","13":"shipping-taxable","14":"purchasable","15":"product-type-simple"},"_links":{"self":[{"href":"https:\/\/loja.mgatecnologia.com.br\/index.php?rest_route=\/wp\/v2\/product\/14563","targetHints":{"allow":["GET"]}}],"collection":[{"href":"https:\/\/loja.mgatecnologia.com.br\/index.php?rest_route=\/wp\/v2\/product"}],"about":[{"href":"https:\/\/loja.mgatecnologia.com.br\/index.php?rest_route=\/wp\/v2\/types\/product"}],"replies":[{"embeddable":true,"href":"https:\/\/loja.mgatecnologia.com.br\/index.php?rest_route=%2Fwp%2Fv2%2Fcomments&post=14563"}],"wp:featuredmedia":[{"embeddable":true,"href":"https:\/\/loja.mgatecnologia.com.br\/index.php?rest_route=\/wp\/v2\/media\/14849"}],"wp:attachment":[{"href":"https:\/\/loja.mgatecnologia.com.br\/index.php?rest_route=%2Fwp%2Fv2%2Fmedia&parent=14563"}],"wp:term":[{"taxonomy":"product_cat","embeddable":true,"href":"https:\/\/loja.mgatecnologia.com.br\/index.php?rest_route=%2Fwp%2Fv2%2Fproduct_cat&post=14563"},{"taxonomy":"product_tag","embeddable":true,"href":"https:\/\/loja.mgatecnologia.com.br\/index.php?rest_route=%2Fwp%2Fv2%2Fproduct_tag&post=14563"}],"curies":[{"name":"wp","href":"https:\/\/api.w.org\/{rel}","templated":true}]}}