{"id":14899,"date":"2021-02-01T12:50:51","date_gmt":"2021-02-01T12:50:51","guid":{"rendered":"http:\/\/mgatecnologia.com.br\/loja\/?post_type=product&#038;p=14899"},"modified":"2025-07-22T14:36:36","modified_gmt":"2025-07-22T14:36:36","slug":"ms6-sv-1-2-c-10v24-s","status":"publish","type":"product","link":"https:\/\/loja.mgatecnologia.com.br\/?product=ms6-sv-1-2-c-10v24-s","title":{"rendered":"MS6-SV-1\/2-C-10V24-S"},"content":{"rendered":"<h4>V\u00e1lvula de Alimenta\u00e7\u00e3o Progressiva e de Escape R\u00e1pido com acionamento el\u00e9trico G1\/2&#8243;, com bobina 24Vcc; com silenciador<\/h4>\n<h4><strong>FESTO<\/strong><\/h4>\n","protected":false},"excerpt":{"rendered":"<h4>V\u00e1lvula de Alimenta\u00e7\u00e3o Progressiva e de Escape R\u00e1pido com acionamento el\u00e9trico G1\/2&#8243;, com bobina 24Vcc; com silenciador<\/h4>\n<h4><strong>FESTO<\/strong><\/h4>\n<p>&nbsp;<\/p>\n","protected":false},"featured_media":15158,"comment_status":"open","ping_status":"closed","template":"","meta":[],"product_cat":[742,649,650],"product_tag":[],"class_list":{"0":"post-14899","1":"product","2":"type-product","3":"status-publish","4":"has-post-thumbnail","6":"product_cat-linha-festo","7":"product_cat-preparacao-de-ar","8":"product_cat-valvulas-preparacao-de-ar","10":"first","11":"onbackorder","12":"shipping-taxable","13":"purchasable","14":"product-type-simple"},"_links":{"self":[{"href":"https:\/\/loja.mgatecnologia.com.br\/index.php?rest_route=\/wp\/v2\/product\/14899","targetHints":{"allow":["GET"]}}],"collection":[{"href":"https:\/\/loja.mgatecnologia.com.br\/index.php?rest_route=\/wp\/v2\/product"}],"about":[{"href":"https:\/\/loja.mgatecnologia.com.br\/index.php?rest_route=\/wp\/v2\/types\/product"}],"replies":[{"embeddable":true,"href":"https:\/\/loja.mgatecnologia.com.br\/index.php?rest_route=%2Fwp%2Fv2%2Fcomments&post=14899"}],"wp:featuredmedia":[{"embeddable":true,"href":"https:\/\/loja.mgatecnologia.com.br\/index.php?rest_route=\/wp\/v2\/media\/15158"}],"wp:attachment":[{"href":"https:\/\/loja.mgatecnologia.com.br\/index.php?rest_route=%2Fwp%2Fv2%2Fmedia&parent=14899"}],"wp:term":[{"taxonomy":"product_cat","embeddable":true,"href":"https:\/\/loja.mgatecnologia.com.br\/index.php?rest_route=%2Fwp%2Fv2%2Fproduct_cat&post=14899"},{"taxonomy":"product_tag","embeddable":true,"href":"https:\/\/loja.mgatecnologia.com.br\/index.php?rest_route=%2Fwp%2Fv2%2Fproduct_tag&post=14899"}],"curies":[{"name":"wp","href":"https:\/\/api.w.org\/{rel}","templated":true}]}}