{"id":14902,"date":"2021-02-01T13:38:07","date_gmt":"2021-02-01T13:38:07","guid":{"rendered":"http:\/\/mgatecnologia.com.br\/loja\/?post_type=product&#038;p=14902"},"modified":"2025-07-22T14:36:36","modified_gmt":"2025-07-22T14:36:36","slug":"ms9-ee-g-v24-s-vs","status":"publish","type":"product","link":"https:\/\/loja.mgatecnologia.com.br\/?product=ms9-ee-g-v24-s-vs","title":{"rendered":"MS9-EE-G-V24-S-VS"},"content":{"rendered":"<h4>V\u00e1lvula de abertura e fechamento com acionamento el\u00e9trico, sem rosca de conex\u00e3o, com bobina 24Vcc, com silenciador, sem caixa de ligac\u00e3o<\/h4>\n<h4><strong>FESTO<\/strong><\/h4>\n","protected":false},"excerpt":{"rendered":"<h4>V\u00e1lvula de abertura e fechamento com acionamento el\u00e9trico, sem rosca de conex\u00e3o, com bobina 24Vcc, com silenciador, sem caixa de ligac\u00e3o<\/h4>\n<h4><strong>FESTO<\/strong><\/h4>\n<p>&nbsp;<\/p>\n","protected":false},"featured_media":15160,"comment_status":"open","ping_status":"closed","template":"","meta":[],"product_cat":[742,649,650],"product_tag":[],"class_list":{"0":"post-14902","1":"product","2":"type-product","3":"status-publish","4":"has-post-thumbnail","6":"product_cat-linha-festo","7":"product_cat-preparacao-de-ar","8":"product_cat-valvulas-preparacao-de-ar","10":"first","11":"onbackorder","12":"shipping-taxable","13":"purchasable","14":"product-type-simple"},"_links":{"self":[{"href":"https:\/\/loja.mgatecnologia.com.br\/index.php?rest_route=\/wp\/v2\/product\/14902","targetHints":{"allow":["GET"]}}],"collection":[{"href":"https:\/\/loja.mgatecnologia.com.br\/index.php?rest_route=\/wp\/v2\/product"}],"about":[{"href":"https:\/\/loja.mgatecnologia.com.br\/index.php?rest_route=\/wp\/v2\/types\/product"}],"replies":[{"embeddable":true,"href":"https:\/\/loja.mgatecnologia.com.br\/index.php?rest_route=%2Fwp%2Fv2%2Fcomments&post=14902"}],"wp:featuredmedia":[{"embeddable":true,"href":"https:\/\/loja.mgatecnologia.com.br\/index.php?rest_route=\/wp\/v2\/media\/15160"}],"wp:attachment":[{"href":"https:\/\/loja.mgatecnologia.com.br\/index.php?rest_route=%2Fwp%2Fv2%2Fmedia&parent=14902"}],"wp:term":[{"taxonomy":"product_cat","embeddable":true,"href":"https:\/\/loja.mgatecnologia.com.br\/index.php?rest_route=%2Fwp%2Fv2%2Fproduct_cat&post=14902"},{"taxonomy":"product_tag","embeddable":true,"href":"https:\/\/loja.mgatecnologia.com.br\/index.php?rest_route=%2Fwp%2Fv2%2Fproduct_tag&post=14902"}],"curies":[{"name":"wp","href":"https:\/\/api.w.org\/{rel}","templated":true}]}}