{"id":14933,"date":"2021-02-01T18:18:58","date_gmt":"2021-02-01T18:18:58","guid":{"rendered":"http:\/\/mgatecnologia.com.br\/loja\/?post_type=product&#038;p=14933"},"modified":"2025-07-22T14:36:33","modified_gmt":"2025-07-22T14:36:33","slug":"ms9-lfr-g-d7-eum-ag-bar-as","status":"publish","type":"product","link":"https:\/\/loja.mgatecnologia.com.br\/?product=ms9-lfr-g-d7-eum-ag-bar-as","title":{"rendered":"MS9-LFR-G-D7-EUM-AG-BAR-AS"},"content":{"rendered":"<h4>Filtro Regulador sem rosca de conex\u00e3o; Faixa de Press\u00e3o 0,5 a 12 BAR, 40 micras, dreno manual, com man\u00f4metro<\/h4>\n<h4><strong>FESTO<\/strong><\/h4>\n","protected":false},"excerpt":{"rendered":"<h4>Filtro Regulador sem rosca de conex\u00e3o; Faixa de Press\u00e3o 0,5 a 12 BAR, 40 micras, dreno manual, com man\u00f4metro<\/h4>\n<h4><strong>FESTO<\/strong><\/h4>\n<p>&nbsp;<\/p>\n","protected":false},"featured_media":15195,"comment_status":"open","ping_status":"closed","template":"","meta":[],"product_cat":[652,742,649],"product_tag":[],"class_list":{"0":"post-14933","1":"product","2":"type-product","3":"status-publish","4":"has-post-thumbnail","6":"product_cat-filtro-regulador","7":"product_cat-linha-festo","8":"product_cat-preparacao-de-ar","10":"first","11":"onbackorder","12":"shipping-taxable","13":"purchasable","14":"product-type-simple"},"_links":{"self":[{"href":"https:\/\/loja.mgatecnologia.com.br\/index.php?rest_route=\/wp\/v2\/product\/14933","targetHints":{"allow":["GET"]}}],"collection":[{"href":"https:\/\/loja.mgatecnologia.com.br\/index.php?rest_route=\/wp\/v2\/product"}],"about":[{"href":"https:\/\/loja.mgatecnologia.com.br\/index.php?rest_route=\/wp\/v2\/types\/product"}],"replies":[{"embeddable":true,"href":"https:\/\/loja.mgatecnologia.com.br\/index.php?rest_route=%2Fwp%2Fv2%2Fcomments&post=14933"}],"wp:featuredmedia":[{"embeddable":true,"href":"https:\/\/loja.mgatecnologia.com.br\/index.php?rest_route=\/wp\/v2\/media\/15195"}],"wp:attachment":[{"href":"https:\/\/loja.mgatecnologia.com.br\/index.php?rest_route=%2Fwp%2Fv2%2Fmedia&parent=14933"}],"wp:term":[{"taxonomy":"product_cat","embeddable":true,"href":"https:\/\/loja.mgatecnologia.com.br\/index.php?rest_route=%2Fwp%2Fv2%2Fproduct_cat&post=14933"},{"taxonomy":"product_tag","embeddable":true,"href":"https:\/\/loja.mgatecnologia.com.br\/index.php?rest_route=%2Fwp%2Fv2%2Fproduct_tag&post=14933"}],"curies":[{"name":"wp","href":"https:\/\/api.w.org\/{rel}","templated":true}]}}