{"id":15404,"date":"2021-03-12T18:23:08","date_gmt":"2021-03-12T18:23:08","guid":{"rendered":"http:\/\/mgatecnologia.com.br\/loja\/?post_type=product&#038;p=15404"},"modified":"2025-07-22T14:36:28","modified_gmt":"2025-07-22T14:36:28","slug":"vet2ppcf8tinpttp","status":"publish","type":"product","link":"https:\/\/loja.mgatecnologia.com.br\/?product=vet2ppcf8tinpttp","title":{"rendered":"VET2PPCF8TINPTTP"},"content":{"rendered":"<h4>V\u00e1lvula esfera tripartida com di\u00e2metro de 2&#8243;, passagem plena, rosca NPT, atuador manual, veda\u00e7\u00f5es em teflon puro PTFE virgem, corpo em a\u00e7o inox 304 com parafusos em a\u00e7o inox ASTM A351 grau CF8 &#8211; mola prato niquelada<\/h4>\n<h4>MGA<\/h4>\n","protected":false},"excerpt":{"rendered":"<h4>V\u00e1lvula esfera tripartida com di\u00e2metro de 2&#8243;, passagem plena, rosca NPT, atuador manual, veda\u00e7\u00f5es em teflon puro PTFE virgem, corpo em a\u00e7o inox 304 com parafusos em a\u00e7o inox ASTM A351 grau CF8 &#8211; mola prato niquelada<\/h4>\n<h4>MGA<\/h4>\n","protected":false},"featured_media":15375,"comment_status":"open","ping_status":"closed","template":"","meta":[],"product_cat":[710,742,709,708],"product_tag":[],"class_list":{"0":"post-15404","1":"product","2":"type-product","3":"status-publish","4":"has-post-thumbnail","6":"product_cat-aco-inox-304","7":"product_cat-linha-festo","8":"product_cat-tripartida-valvulas-esfera-2","9":"product_cat-valvulas-esfera-2","11":"first","12":"onbackorder","13":"shipping-taxable","14":"purchasable","15":"product-type-simple"},"_links":{"self":[{"href":"https:\/\/loja.mgatecnologia.com.br\/index.php?rest_route=\/wp\/v2\/product\/15404","targetHints":{"allow":["GET"]}}],"collection":[{"href":"https:\/\/loja.mgatecnologia.com.br\/index.php?rest_route=\/wp\/v2\/product"}],"about":[{"href":"https:\/\/loja.mgatecnologia.com.br\/index.php?rest_route=\/wp\/v2\/types\/product"}],"replies":[{"embeddable":true,"href":"https:\/\/loja.mgatecnologia.com.br\/index.php?rest_route=%2Fwp%2Fv2%2Fcomments&post=15404"}],"wp:featuredmedia":[{"embeddable":true,"href":"https:\/\/loja.mgatecnologia.com.br\/index.php?rest_route=\/wp\/v2\/media\/15375"}],"wp:attachment":[{"href":"https:\/\/loja.mgatecnologia.com.br\/index.php?rest_route=%2Fwp%2Fv2%2Fmedia&parent=15404"}],"wp:term":[{"taxonomy":"product_cat","embeddable":true,"href":"https:\/\/loja.mgatecnologia.com.br\/index.php?rest_route=%2Fwp%2Fv2%2Fproduct_cat&post=15404"},{"taxonomy":"product_tag","embeddable":true,"href":"https:\/\/loja.mgatecnologia.com.br\/index.php?rest_route=%2Fwp%2Fv2%2Fproduct_tag&post=15404"}],"curies":[{"name":"wp","href":"https:\/\/api.w.org\/{rel}","templated":true}]}}