{"id":15414,"date":"2022-03-23T16:28:17","date_gmt":"2022-03-23T16:28:17","guid":{"rendered":"https:\/\/mgatecnologia.com.br\/loja\/?post_type=product&#038;p=15414"},"modified":"2025-07-22T14:36:27","modified_gmt":"2025-07-22T14:36:27","slug":"dsbc-100-525-ppva-n3","status":"publish","type":"product","link":"https:\/\/loja.mgatecnologia.com.br\/?product=dsbc-100-525-ppva-n3","title":{"rendered":"DSBC-100-525-PPVA-N3"},"content":{"rendered":"<h4>Atuador Normalizado s\u00e9rie DSBC, dupla a\u00e7\u00e3o, di\u00e2metro do \u00eambolo de 100mm, curso de 525mm, amortecimento ajust\u00e1vel em ambas as extremidades, conex\u00e3o pneum\u00e1tica G1\/2\u201d e termina\u00e7\u00e3o da haste em rosca macho M20x1,5.<\/h4>\n<h4>FESTO<\/h4>\n","protected":false},"excerpt":{"rendered":"<h4>Atuador Normalizado s\u00e9rie DSBC, dupla a\u00e7\u00e3o, di\u00e2metro do \u00eambolo de 100mm, curso de 525mm, amortecimento ajust\u00e1vel em ambas as extremidades, conex\u00e3o pneum\u00e1tica G1\/2\u201d e termina\u00e7\u00e3o da haste em rosca macho M20x1,5.<\/h4>\n<h4>FESTO<\/h4>\n<p>&nbsp;<\/p>\n","protected":false},"featured_media":15416,"comment_status":"open","ping_status":"closed","template":"","meta":[],"product_cat":[714,698,742],"product_tag":[],"class_list":{"0":"post-15414","1":"product","2":"type-product","3":"status-publish","4":"has-post-thumbnail","6":"product_cat-atuadores-dsbc","7":"product_cat-atuadores-pneumaticos","8":"product_cat-linha-festo","10":"first","11":"onbackorder","12":"featured","13":"shipping-taxable","14":"purchasable","15":"product-type-simple"},"_links":{"self":[{"href":"https:\/\/loja.mgatecnologia.com.br\/index.php?rest_route=\/wp\/v2\/product\/15414","targetHints":{"allow":["GET"]}}],"collection":[{"href":"https:\/\/loja.mgatecnologia.com.br\/index.php?rest_route=\/wp\/v2\/product"}],"about":[{"href":"https:\/\/loja.mgatecnologia.com.br\/index.php?rest_route=\/wp\/v2\/types\/product"}],"replies":[{"embeddable":true,"href":"https:\/\/loja.mgatecnologia.com.br\/index.php?rest_route=%2Fwp%2Fv2%2Fcomments&post=15414"}],"wp:featuredmedia":[{"embeddable":true,"href":"https:\/\/loja.mgatecnologia.com.br\/index.php?rest_route=\/wp\/v2\/media\/15416"}],"wp:attachment":[{"href":"https:\/\/loja.mgatecnologia.com.br\/index.php?rest_route=%2Fwp%2Fv2%2Fmedia&parent=15414"}],"wp:term":[{"taxonomy":"product_cat","embeddable":true,"href":"https:\/\/loja.mgatecnologia.com.br\/index.php?rest_route=%2Fwp%2Fv2%2Fproduct_cat&post=15414"},{"taxonomy":"product_tag","embeddable":true,"href":"https:\/\/loja.mgatecnologia.com.br\/index.php?rest_route=%2Fwp%2Fv2%2Fproduct_tag&post=15414"}],"curies":[{"name":"wp","href":"https:\/\/api.w.org\/{rel}","templated":true}]}}