{"id":15423,"date":"2022-03-23T16:47:00","date_gmt":"2022-03-23T16:47:00","guid":{"rendered":"https:\/\/mgatecnologia.com.br\/loja\/?post_type=product&#038;p=15423"},"modified":"2025-07-22T14:36:26","modified_gmt":"2025-07-22T14:36:26","slug":"dsbc-g-80","status":"publish","type":"product","link":"https:\/\/loja.mgatecnologia.com.br\/?product=dsbc-g-80","title":{"rendered":"DSBC\/G-80"},"content":{"rendered":"<h4>Kit de Reparo para Cilindro FESTO s\u00e9ries DSBC e DSBG, di\u00e2metro do \u00eambolo de 80mm.<\/h4>\n<h4>FESTO<\/h4>\n","protected":false},"excerpt":{"rendered":"<h4>Kit de Reparo para Cilindro FESTO s\u00e9ries DSBC e DSBG, di\u00e2metro do \u00eambolo de 80mm.<\/h4>\n<h4>FESTO<\/h4>\n<p>&nbsp;<\/p>\n","protected":false},"featured_media":15421,"comment_status":"open","ping_status":"closed","template":"","meta":[],"product_cat":[714,698,742],"product_tag":[],"class_list":{"0":"post-15423","1":"product","2":"type-product","3":"status-publish","4":"has-post-thumbnail","6":"product_cat-atuadores-dsbc","7":"product_cat-atuadores-pneumaticos","8":"product_cat-linha-festo","10":"first","11":"onbackorder","12":"featured","13":"shipping-taxable","14":"purchasable","15":"product-type-simple"},"_links":{"self":[{"href":"https:\/\/loja.mgatecnologia.com.br\/index.php?rest_route=\/wp\/v2\/product\/15423","targetHints":{"allow":["GET"]}}],"collection":[{"href":"https:\/\/loja.mgatecnologia.com.br\/index.php?rest_route=\/wp\/v2\/product"}],"about":[{"href":"https:\/\/loja.mgatecnologia.com.br\/index.php?rest_route=\/wp\/v2\/types\/product"}],"replies":[{"embeddable":true,"href":"https:\/\/loja.mgatecnologia.com.br\/index.php?rest_route=%2Fwp%2Fv2%2Fcomments&post=15423"}],"wp:featuredmedia":[{"embeddable":true,"href":"https:\/\/loja.mgatecnologia.com.br\/index.php?rest_route=\/wp\/v2\/media\/15421"}],"wp:attachment":[{"href":"https:\/\/loja.mgatecnologia.com.br\/index.php?rest_route=%2Fwp%2Fv2%2Fmedia&parent=15423"}],"wp:term":[{"taxonomy":"product_cat","embeddable":true,"href":"https:\/\/loja.mgatecnologia.com.br\/index.php?rest_route=%2Fwp%2Fv2%2Fproduct_cat&post=15423"},{"taxonomy":"product_tag","embeddable":true,"href":"https:\/\/loja.mgatecnologia.com.br\/index.php?rest_route=%2Fwp%2Fv2%2Fproduct_tag&post=15423"}],"curies":[{"name":"wp","href":"https:\/\/api.w.org\/{rel}","templated":true}]}}